{"id":5849,"date":"2025-11-26T17:49:23","date_gmt":"2025-11-26T20:49:23","guid":{"rendered":"https:\/\/www.lateandes.com\/downloads-2\/"},"modified":"2026-03-27T12:33:15","modified_gmt":"2026-03-27T15:33:15","slug":"downloads","status":"publish","type":"page","link":"https:\/\/www.lateandes.com\/en\/downloads\/","title":{"rendered":"Downloads"},"content":{"rendered":"\t\t<div data-elementor-type=\"wp-page\" data-elementor-id=\"5849\" class=\"elementor elementor-5849 elementor-5788\" data-elementor-post-type=\"page\">\n\t\t\t\t<div class=\"elementor-element elementor-element-fe27fe5 e-flex e-con-boxed e-con e-parent\" data-id=\"fe27fe5\" data-element_type=\"container\" data-e-type=\"container\">\n\t\t\t\t\t<div class=\"e-con-inner\">\n\t\t<div class=\"elementor-element elementor-element-cc5cf23 e-con-full e-flex e-con e-child\" data-id=\"cc5cf23\" data-element_type=\"container\" data-e-type=\"container\">\n\t\t\t\t<div class=\"elementor-element elementor-element-82f6230 elementor-widget elementor-widget-image\" data-id=\"82f6230\" data-element_type=\"widget\" data-e-type=\"widget\" data-widget_type=\"image.default\">\n\t\t\t\t<div class=\"elementor-widget-container\">\n\t\t\t\t\t\t\t\t\t\t\t\t\t\t\t<img fetchpriority=\"high\" decoding=\"async\" width=\"800\" height=\"618\" src=\"https:\/\/www.lateandes.com\/late\/wp-content\/uploads\/2025\/11\/Fosiles-y-facies-de-Bolivia-3.webp\" class=\"attachment-full size-full wp-image-5842\" alt=\"\" srcset=\"https:\/\/www.lateandes.com\/late\/wp-content\/uploads\/2025\/11\/Fosiles-y-facies-de-Bolivia-3.webp 800w, https:\/\/www.lateandes.com\/late\/wp-content\/uploads\/2025\/11\/Fosiles-y-facies-de-Bolivia-3-300x232.webp 300w, https:\/\/www.lateandes.com\/late\/wp-content\/uploads\/2025\/11\/Fosiles-y-facies-de-Bolivia-3-600x464.webp 600w, https:\/\/www.lateandes.com\/late\/wp-content\/uploads\/2025\/11\/Fosiles-y-facies-de-Bolivia-3-768x593.webp 768w\" sizes=\"(max-width: 800px) 100vw, 800px\" \/>\t\t\t\t\t\t\t\t\t\t\t\t\t\t\t<\/div>\n\t\t\t\t<\/div>\n\t\t\t\t<\/div>\n\t\t<div class=\"elementor-element elementor-element-f8ba58a e-con-full e-flex e-con e-child\" data-id=\"f8ba58a\" data-element_type=\"container\" data-e-type=\"container\">\n\t\t\t\t<div class=\"elementor-element elementor-element-e7a0b1c elementor-widget elementor-widget-heading\" data-id=\"e7a0b1c\" data-element_type=\"widget\" data-e-type=\"widget\" data-widget_type=\"heading.default\">\n\t\t\t\t<div class=\"elementor-widget-container\">\n\t\t\t\t\t<h2 class=\"elementor-heading-title elementor-size-default\">F\u00f3siles y Facies de Bolivia 3.0<\/h2>\t\t\t\t<\/div>\n\t\t\t\t<\/div>\n\t\t\t\t<div class=\"elementor-element elementor-element-d1831a5 elementor-widget-divider--view-line elementor-widget elementor-widget-divider\" data-id=\"d1831a5\" data-element_type=\"widget\" data-e-type=\"widget\" data-widget_type=\"divider.default\">\n\t\t\t\t<div class=\"elementor-widget-container\">\n\t\t\t\t\t\t\t<div class=\"elementor-divider\">\n\t\t\t<span class=\"elementor-divider-separator\">\n\t\t\t\t\t\t<\/span>\n\t\t<\/div>\n\t\t\t\t\t\t<\/div>\n\t\t\t\t<\/div>\n\t\t\t\t<div class=\"elementor-element elementor-element-b63e65e elementor-widget elementor-widget-heading\" data-id=\"b63e65e\" data-element_type=\"widget\" data-e-type=\"widget\" data-widget_type=\"heading.default\">\n\t\t\t\t<div class=\"elementor-widget-container\">\n\t\t\t\t\t<h3 class=\"elementor-heading-title elementor-size-default\">eBook<\/h3>\t\t\t\t<\/div>\n\t\t\t\t<\/div>\n\t\t\t\t<div class=\"elementor-element elementor-element-5665907 elementor-widget elementor-widget-text-editor\" data-id=\"5665907\" data-element_type=\"widget\" data-e-type=\"widget\" data-widget_type=\"text-editor.default\">\n\t\t\t\t<div class=\"elementor-widget-container\">\n\t\t\t\t\t\t\t\t\t<p>LA.TE. ANDES continues to support and sponsor the new version of the book F\u00f3siles &amp; Facies 3.0 de Bolivia (Fossils &amp; Facies 3.0 of Bolivia), written by a group of colleagues, Dr. Alejandra Dalenz Farjat, Dr. Mario Su\u00e1rez Riglos, architect Giovanni Rios Cordero, and engineer Andr\u00e9s Mu\u00f1oz Navia. This book was presented at the Third Bolivian Paleontology Congress, held in the city of Sucre (Bolivia) from November 12 to 14, 2025. This book is available for free download.<\/p>\n\t\t\t\t\t\t\t\t<\/div>\n\t\t\t\t<\/div>\n\t\t\t\t<div class=\"elementor-element elementor-element-543d624 e-transform elementor-hidden-desktop elementor-hidden-tablet elementor-hidden-mobile elementor-widget elementor-widget-button\" data-id=\"543d624\" data-element_type=\"widget\" data-e-type=\"widget\" data-settings=\"{&quot;_transform_translateX_effect_hover&quot;:{&quot;unit&quot;:&quot;px&quot;,&quot;size&quot;:8,&quot;sizes&quot;:[]},&quot;_transform_translateX_effect_hover_tablet&quot;:{&quot;unit&quot;:&quot;px&quot;,&quot;size&quot;:&quot;&quot;,&quot;sizes&quot;:[]},&quot;_transform_translateX_effect_hover_mobile&quot;:{&quot;unit&quot;:&quot;px&quot;,&quot;size&quot;:&quot;&quot;,&quot;sizes&quot;:[]},&quot;_transform_translateY_effect_hover&quot;:{&quot;unit&quot;:&quot;px&quot;,&quot;size&quot;:&quot;&quot;,&quot;sizes&quot;:[]},&quot;_transform_translateY_effect_hover_tablet&quot;:{&quot;unit&quot;:&quot;px&quot;,&quot;size&quot;:&quot;&quot;,&quot;sizes&quot;:[]},&quot;_transform_translateY_effect_hover_mobile&quot;:{&quot;unit&quot;:&quot;px&quot;,&quot;size&quot;:&quot;&quot;,&quot;sizes&quot;:[]}}\" data-widget_type=\"button.default\">\n\t\t\t\t<div class=\"elementor-widget-container\">\n\t\t\t\t\t\t\t\t\t<div class=\"elementor-button-wrapper\">\n\t\t\t\t\t<a class=\"elementor-button elementor-button-link elementor-size-sm\" href=\"#elementor-action%3Aaction%3Dpopup%3Aopen%26settings%3DeyJpZCI6NTg1NSwidG9nZ2xlIjpmYWxzZX0%3D\" target=\"_blank\" download=\"\">\n\t\t\t\t\t\t<span class=\"elementor-button-content-wrapper\">\n\t\t\t\t\t\t<span class=\"elementor-button-icon\">\n\t\t\t\t<i aria-hidden=\"true\" class=\"fas fa-file-pdf\"><\/i>\t\t\t<\/span>\n\t\t\t\t\t\t\t\t\t<span class=\"elementor-button-text\">Download \"F\u00f3siles y facies de Bolivia 3.0\"<\/span>\n\t\t\t\t\t<\/span>\n\t\t\t\t\t<\/a>\n\t\t\t\t<\/div>\n\t\t\t\t\t\t\t\t<\/div>\n\t\t\t\t<\/div>\n\t\t\t\t<\/div>\n\t\t\t\t\t<\/div>\n\t\t\t\t<\/div>\n\t\t<div class=\"elementor-element elementor-element-8f30eb2 e-flex e-con-boxed e-con e-parent\" data-id=\"8f30eb2\" data-element_type=\"container\" data-e-type=\"container\">\n\t\t\t\t\t<div class=\"e-con-inner\">\n\t\t<div class=\"elementor-element elementor-element-f6642d5 e-con-full e-flex e-con e-child\" data-id=\"f6642d5\" data-element_type=\"container\" data-e-type=\"container\">\n\t\t\t\t<div class=\"elementor-element elementor-element-dd49f8d elementor-widget elementor-widget-image\" data-id=\"dd49f8d\" data-element_type=\"widget\" data-e-type=\"widget\" data-widget_type=\"image.default\">\n\t\t\t\t<div class=\"elementor-widget-container\">\n\t\t\t\t\t\t\t\t\t\t\t\t\t\t\t<img decoding=\"async\" width=\"800\" height=\"618\" src=\"https:\/\/www.lateandes.com\/late\/wp-content\/uploads\/2025\/11\/Fosiles-y-facies-de-Bolivia.webp\" class=\"attachment-full size-full wp-image-5843\" alt=\"\" srcset=\"https:\/\/www.lateandes.com\/late\/wp-content\/uploads\/2025\/11\/Fosiles-y-facies-de-Bolivia.webp 800w, https:\/\/www.lateandes.com\/late\/wp-content\/uploads\/2025\/11\/Fosiles-y-facies-de-Bolivia-300x232.webp 300w, https:\/\/www.lateandes.com\/late\/wp-content\/uploads\/2025\/11\/Fosiles-y-facies-de-Bolivia-600x464.webp 600w, https:\/\/www.lateandes.com\/late\/wp-content\/uploads\/2025\/11\/Fosiles-y-facies-de-Bolivia-768x593.webp 768w\" sizes=\"(max-width: 800px) 100vw, 800px\" \/>\t\t\t\t\t\t\t\t\t\t\t\t\t\t\t<\/div>\n\t\t\t\t<\/div>\n\t\t\t\t<\/div>\n\t\t<div class=\"elementor-element elementor-element-8297dd3 e-con-full e-flex e-con e-child\" data-id=\"8297dd3\" data-element_type=\"container\" data-e-type=\"container\">\n\t\t\t\t<div class=\"elementor-element elementor-element-36ff3c6 elementor-widget elementor-widget-heading\" data-id=\"36ff3c6\" data-element_type=\"widget\" data-e-type=\"widget\" data-widget_type=\"heading.default\">\n\t\t\t\t<div class=\"elementor-widget-container\">\n\t\t\t\t\t<h2 class=\"elementor-heading-title elementor-size-default\">F\u00f3siles y Facies de Bolivia<\/h2>\t\t\t\t<\/div>\n\t\t\t\t<\/div>\n\t\t\t\t<div class=\"elementor-element elementor-element-d013d21 elementor-widget-divider--view-line elementor-widget elementor-widget-divider\" data-id=\"d013d21\" data-element_type=\"widget\" data-e-type=\"widget\" data-widget_type=\"divider.default\">\n\t\t\t\t<div class=\"elementor-widget-container\">\n\t\t\t\t\t\t\t<div class=\"elementor-divider\">\n\t\t\t<span class=\"elementor-divider-separator\">\n\t\t\t\t\t\t<\/span>\n\t\t<\/div>\n\t\t\t\t\t\t<\/div>\n\t\t\t\t<\/div>\n\t\t\t\t<div class=\"elementor-element elementor-element-0bb4aa2 elementor-widget elementor-widget-heading\" data-id=\"0bb4aa2\" data-element_type=\"widget\" data-e-type=\"widget\" data-widget_type=\"heading.default\">\n\t\t\t\t<div class=\"elementor-widget-container\">\n\t\t\t\t\t<h3 class=\"elementor-heading-title elementor-size-default\">eBook<\/h3>\t\t\t\t<\/div>\n\t\t\t\t<\/div>\n\t\t\t\t<div class=\"elementor-element elementor-element-57d37e3 elementor-widget elementor-widget-text-editor\" data-id=\"57d37e3\" data-element_type=\"widget\" data-e-type=\"widget\" data-widget_type=\"text-editor.default\">\n\t\t\t\t<div class=\"elementor-widget-container\">\n\t\t\t\t\t\t\t\t\t<p>As part of the project to determine the absolute dates of key stratigraphic columns based on their fossil content in the Paleozoic basins of the Central Andes, LA.TE. ANDES supports the publication of the ebook FOSILES Y FACIES DE BOLIVIA by our colleagues Dr. Mario Suarez Riglos, Dr. Alejandra Dalenz Farjat, and Dr. Miguel Angel Perez Leyton, in February 2018 in Santa Cruz de la Sierra, Bolivia. This book is distributed free of charge, has no sponsors or patrons, and has been produced thanks to the collaboration of its authors and editors.<\/p>\n<blockquote><p>This scientific document has been produced thanks to the selfless work of the authors of the eight chapters that make up the book, organized by the editors. It has not received any sponsorship or support of any kind. This book will be distributed free of charge to anyone interested in Bolivian paleontology, and we hope it will be considered a contribution to regional knowledge.<\/p><\/blockquote>\n\t\t\t\t\t\t\t\t<\/div>\n\t\t\t\t<\/div>\n\t\t\t\t<div class=\"elementor-element elementor-element-2222da1 e-transform elementor-hidden-desktop elementor-hidden-tablet elementor-hidden-mobile elementor-widget elementor-widget-button\" data-id=\"2222da1\" data-element_type=\"widget\" data-e-type=\"widget\" data-settings=\"{&quot;_transform_translateX_effect_hover&quot;:{&quot;unit&quot;:&quot;px&quot;,&quot;size&quot;:8,&quot;sizes&quot;:[]},&quot;_transform_translateX_effect_hover_tablet&quot;:{&quot;unit&quot;:&quot;px&quot;,&quot;size&quot;:&quot;&quot;,&quot;sizes&quot;:[]},&quot;_transform_translateX_effect_hover_mobile&quot;:{&quot;unit&quot;:&quot;px&quot;,&quot;size&quot;:&quot;&quot;,&quot;sizes&quot;:[]},&quot;_transform_translateY_effect_hover&quot;:{&quot;unit&quot;:&quot;px&quot;,&quot;size&quot;:&quot;&quot;,&quot;sizes&quot;:[]},&quot;_transform_translateY_effect_hover_tablet&quot;:{&quot;unit&quot;:&quot;px&quot;,&quot;size&quot;:&quot;&quot;,&quot;sizes&quot;:[]},&quot;_transform_translateY_effect_hover_mobile&quot;:{&quot;unit&quot;:&quot;px&quot;,&quot;size&quot;:&quot;&quot;,&quot;sizes&quot;:[]}}\" data-widget_type=\"button.default\">\n\t\t\t\t<div class=\"elementor-widget-container\">\n\t\t\t\t\t\t\t\t\t<div class=\"elementor-button-wrapper\">\n\t\t\t\t\t<a class=\"elementor-button elementor-button-link elementor-size-sm\" href=\"#elementor-action%3Aaction%3Dpopup%3Aopen%26settings%3DeyJpZCI6NTg1NywidG9nZ2xlIjpmYWxzZX0%3D\" target=\"_blank\" download=\"\">\n\t\t\t\t\t\t<span class=\"elementor-button-content-wrapper\">\n\t\t\t\t\t\t<span class=\"elementor-button-icon\">\n\t\t\t\t<i aria-hidden=\"true\" class=\"fas fa-file-pdf\"><\/i>\t\t\t<\/span>\n\t\t\t\t\t\t\t\t\t<span class=\"elementor-button-text\">Download \"F\u00f3siles y facies de Bolivia\"<\/span>\n\t\t\t\t\t<\/span>\n\t\t\t\t\t<\/a>\n\t\t\t\t<\/div>\n\t\t\t\t\t\t\t\t<\/div>\n\t\t\t\t<\/div>\n\t\t\t\t<\/div>\n\t\t\t\t\t<\/div>\n\t\t\t\t<\/div>\n\t\t\t\t<\/div>\n\t\t","protected":false},"excerpt":{"rendered":"<p>F\u00f3siles y Facies de Bolivia 3.0 eBook LA.TE. ANDES continues to support and sponsor the new version of the book F\u00f3siles &amp; Facies 3.0 de Bolivia (Fossils &amp; Facies 3.0 of Bolivia), written by a group of colleagues, Dr. Alejandra Dalenz Farjat, Dr. Mario Su\u00e1rez Riglos, architect Giovanni Rios Cordero, and engineer Andr\u00e9s Mu\u00f1oz Navia&#8230;.<\/p>\n","protected":false},"author":15,"featured_media":0,"parent":0,"menu_order":0,"comment_status":"closed","ping_status":"closed","template":"","meta":{"footnotes":""},"class_list":["post-5849","page","type-page","status-publish","hentry"],"yoast_head":"<!-- This site is optimized with the Yoast SEO plugin v27.3 - https:\/\/yoast.com\/product\/yoast-seo-wordpress\/ -->\n<title>Downloads - LA.TE. ANDES S.A.<\/title>\n<meta name=\"robots\" content=\"index, follow, max-snippet:-1, max-image-preview:large, max-video-preview:-1\" \/>\n<link rel=\"canonical\" href=\"https:\/\/www.lateandes.com\/en\/downloads\/\" \/>\n<meta property=\"og:locale\" content=\"en_US\" \/>\n<meta property=\"og:type\" content=\"article\" \/>\n<meta property=\"og:title\" content=\"Downloads - LA.TE. ANDES S.A.\" \/>\n<meta property=\"og:description\" content=\"F\u00f3siles y Facies de Bolivia 3.0 eBook LA.TE. ANDES continues to support and sponsor the new version of the book F\u00f3siles &amp; Facies 3.0 de Bolivia (Fossils &amp; Facies 3.0 of Bolivia), written by a group of colleagues, Dr. Alejandra Dalenz Farjat, Dr. Mario Su\u00e1rez Riglos, architect Giovanni Rios Cordero, and engineer Andr\u00e9s Mu\u00f1oz Navia....\" \/>\n<meta property=\"og:url\" content=\"https:\/\/www.lateandes.com\/en\/downloads\/\" \/>\n<meta property=\"og:site_name\" content=\"LA.TE. ANDES S.A.\" \/>\n<meta property=\"article:modified_time\" content=\"2026-03-27T15:33:15+00:00\" \/>\n<meta property=\"og:image\" content=\"https:\/\/www.lateandes.com\/late\/wp-content\/uploads\/2025\/11\/Fosiles-y-facies-de-Bolivia-3.webp\" \/>\n\t<meta property=\"og:image:width\" content=\"800\" \/>\n\t<meta property=\"og:image:height\" content=\"618\" \/>\n\t<meta property=\"og:image:type\" content=\"image\/webp\" \/>\n<meta name=\"twitter:card\" content=\"summary_large_image\" \/>\n<meta name=\"twitter:label1\" content=\"Est. reading time\" \/>\n\t<meta name=\"twitter:data1\" content=\"1 minute\" \/>\n<!-- \/ Yoast SEO plugin. -->","yoast_head_json":{"title":"Downloads - LA.TE. ANDES S.A.","robots":{"index":"index","follow":"follow","max-snippet":"max-snippet:-1","max-image-preview":"max-image-preview:large","max-video-preview":"max-video-preview:-1"},"canonical":"https:\/\/www.lateandes.com\/en\/downloads\/","og_locale":"en_US","og_type":"article","og_title":"Downloads - LA.TE. ANDES S.A.","og_description":"F\u00f3siles y Facies de Bolivia 3.0 eBook LA.TE. ANDES continues to support and sponsor the new version of the book F\u00f3siles &amp; Facies 3.0 de Bolivia (Fossils &amp; Facies 3.0 of Bolivia), written by a group of colleagues, Dr. Alejandra Dalenz Farjat, Dr. Mario Su\u00e1rez Riglos, architect Giovanni Rios Cordero, and engineer Andr\u00e9s Mu\u00f1oz Navia....","og_url":"https:\/\/www.lateandes.com\/en\/downloads\/","og_site_name":"LA.TE. ANDES S.A.","article_modified_time":"2026-03-27T15:33:15+00:00","og_image":[{"width":800,"height":618,"url":"https:\/\/www.lateandes.com\/late\/wp-content\/uploads\/2025\/11\/Fosiles-y-facies-de-Bolivia-3.webp","type":"image\/webp"}],"twitter_card":"summary_large_image","twitter_misc":{"Est. reading time":"1 minute"},"schema":{"@context":"https:\/\/schema.org","@graph":[{"@type":"WebPage","@id":"https:\/\/www.lateandes.com\/en\/downloads\/","url":"https:\/\/www.lateandes.com\/en\/downloads\/","name":"Downloads - LA.TE. ANDES S.A.","isPartOf":{"@id":"https:\/\/www.lateandes.com\/en\/#website"},"primaryImageOfPage":{"@id":"https:\/\/www.lateandes.com\/en\/downloads\/#primaryimage"},"image":{"@id":"https:\/\/www.lateandes.com\/en\/downloads\/#primaryimage"},"thumbnailUrl":"https:\/\/www.lateandes.com\/late\/wp-content\/uploads\/2025\/11\/Fosiles-y-facies-de-Bolivia-3.webp","datePublished":"2025-11-26T20:49:23+00:00","dateModified":"2026-03-27T15:33:15+00:00","breadcrumb":{"@id":"https:\/\/www.lateandes.com\/en\/downloads\/#breadcrumb"},"inLanguage":"en-US","potentialAction":[{"@type":"ReadAction","target":["https:\/\/www.lateandes.com\/en\/downloads\/"]}]},{"@type":"ImageObject","inLanguage":"en-US","@id":"https:\/\/www.lateandes.com\/en\/downloads\/#primaryimage","url":"https:\/\/www.lateandes.com\/late\/wp-content\/uploads\/2025\/11\/Fosiles-y-facies-de-Bolivia-3.webp","contentUrl":"https:\/\/www.lateandes.com\/late\/wp-content\/uploads\/2025\/11\/Fosiles-y-facies-de-Bolivia-3.webp"},{"@type":"BreadcrumbList","@id":"https:\/\/www.lateandes.com\/en\/downloads\/#breadcrumb","itemListElement":[{"@type":"ListItem","position":1,"name":"Portada","item":"https:\/\/www.lateandes.com\/en\/"},{"@type":"ListItem","position":2,"name":"Downloads"}]},{"@type":"WebSite","@id":"https:\/\/www.lateandes.com\/en\/#website","url":"https:\/\/www.lateandes.com\/en\/","name":"LA.TE. ANDES S.A.","description":"Geo-thermochronology Lab","publisher":{"@id":"https:\/\/www.lateandes.com\/en\/#organization"},"potentialAction":[{"@type":"SearchAction","target":{"@type":"EntryPoint","urlTemplate":"https:\/\/www.lateandes.com\/en\/?s={search_term_string}"},"query-input":{"@type":"PropertyValueSpecification","valueRequired":true,"valueName":"search_term_string"}}],"inLanguage":"en-US"},{"@type":"Organization","@id":"https:\/\/www.lateandes.com\/en\/#organization","name":"LA.TE. ANDES S.A.","url":"https:\/\/www.lateandes.com\/en\/","logo":{"@type":"ImageObject","inLanguage":"en-US","@id":"https:\/\/www.lateandes.com\/en\/#\/schema\/logo\/image\/","url":"https:\/\/www.lateandes.com\/late\/wp-content\/uploads\/2024\/05\/logo-lateandes-redes-iso-ALT.jpg","contentUrl":"https:\/\/www.lateandes.com\/late\/wp-content\/uploads\/2024\/05\/logo-lateandes-redes-iso-ALT.jpg","width":512,"height":512,"caption":"LA.TE. ANDES S.A."},"image":{"@id":"https:\/\/www.lateandes.com\/en\/#\/schema\/logo\/image\/"}}]}},"_links":{"self":[{"href":"https:\/\/www.lateandes.com\/en\/wp-json\/wp\/v2\/pages\/5849","targetHints":{"allow":["GET"]}}],"collection":[{"href":"https:\/\/www.lateandes.com\/en\/wp-json\/wp\/v2\/pages"}],"about":[{"href":"https:\/\/www.lateandes.com\/en\/wp-json\/wp\/v2\/types\/page"}],"author":[{"embeddable":true,"href":"https:\/\/www.lateandes.com\/en\/wp-json\/wp\/v2\/users\/15"}],"replies":[{"embeddable":true,"href":"https:\/\/www.lateandes.com\/en\/wp-json\/wp\/v2\/comments?post=5849"}],"version-history":[{"count":5,"href":"https:\/\/www.lateandes.com\/en\/wp-json\/wp\/v2\/pages\/5849\/revisions"}],"predecessor-version":[{"id":5906,"href":"https:\/\/www.lateandes.com\/en\/wp-json\/wp\/v2\/pages\/5849\/revisions\/5906"}],"wp:attachment":[{"href":"https:\/\/www.lateandes.com\/en\/wp-json\/wp\/v2\/media?parent=5849"}],"curies":[{"name":"wp","href":"https:\/\/api.w.org\/{rel}","templated":true}]}}