{"id":3636,"date":"2019-01-15T20:08:06","date_gmt":"2019-01-15T23:08:06","guid":{"rendered":"http:\/\/www.lateandes.com\/work-at-la-te-andes\/"},"modified":"2022-06-28T20:19:43","modified_gmt":"2022-06-28T23:19:43","slug":"work-at-la-te-andes","status":"publish","type":"page","link":"https:\/\/www.lateandes.com\/en\/work-at-la-te-andes\/","title":{"rendered":"Work at LA.TE. ANDES"},"content":{"rendered":"<section class=\"l-section wpb_row us_custom_adde1e43 height_small\"><div class=\"l-section-h i-cf\"><div class=\"g-cols vc_row via_flex valign_top type_default stacking_default\"><div class=\"vc_col-sm-6 wpb_column vc_column_container\"><div class=\"vc_column-inner\"><div class=\"wpb_wrapper\"><div class=\"ult-animation  ult-animate-viewport  ult-no-mobile \" data-animate=\"fadeInDown\" data-animation-delay=\"0\" data-animation-duration=\"1\" data-animation-iteration=\"1\" style=\"opacity:0;\" data-opacity_start_effect=\"\"><div id=\"ultimate-heading-402869d979b57cba0\" class=\"uvc-heading ult-adjust-bottom-margin ultimate-heading-402869d979b57cba0 uvc-5460 \" data-hspacer=\"no_spacer\"  data-halign=\"left\" style=\"text-align:left\"><div class=\"uvc-heading-spacer no_spacer\" style=\"top\"><\/div><div class=\"uvc-main-heading ult-responsive\"  data-ultimate-target='.uvc-heading.ultimate-heading-402869d979b57cba0 h2'  data-responsive-json-new='{\"font-size\":\"desktop:28px;\",\"line-height\":\"\"}' ><h2 style=\"font-weight:bold;color:#008a83;margin-bottom:20px;\">Work at LA.TE. ANDES<\/h2><\/div><div class=\"uvc-sub-heading ult-responsive\"  data-ultimate-target='.uvc-heading.ultimate-heading-402869d979b57cba0 .uvc-sub-heading '  data-responsive-json-new='{\"font-size\":\"desktop:16px;\",\"line-height\":\"desktop:24px;\"}'  style=\"font-weight:normal;\">\n<p style=\"text-align: left;\">LA.TE. ANDES, an eminence in geothermochronology studies with advanced technologies for Argentina and Latin America, invites you to join their team.<\/p>\n<p style=\"text-align: left;\">If you are interested in working with us, please fill in the form.<\/p>\n<\/div><\/div><\/div><\/div><\/div><\/div><div class=\"vc_col-sm-6 wpb_column vc_column_container\"><div class=\"vc_column-inner\"><div class=\"wpb_wrapper\"><div class=\"ult-animation  ult-animate-viewport  ult-no-mobile \" data-animate=\"fadeInDown\" data-animation-delay=\"0\" data-animation-duration=\"1\" data-animation-iteration=\"1\" style=\"opacity:0;\" data-opacity_start_effect=\"\">\n<div class=\"wpcf7 no-js\" id=\"wpcf7-f3634-o1\" lang=\"es-ES\" dir=\"ltr\" data-wpcf7-id=\"3634\">\n<div class=\"screen-reader-response\"><p role=\"status\" aria-live=\"polite\" aria-atomic=\"true\"><\/p> <ul><\/ul><\/div>\n<form action=\"\/en\/wp-json\/wp\/v2\/pages\/3636#wpcf7-f3634-o1\" method=\"post\" class=\"wpcf7-form init\" aria-label=\"Formulario de contacto\" enctype=\"multipart\/form-data\" novalidate=\"novalidate\" data-status=\"init\">\n<fieldset class=\"hidden-fields-container\"><input type=\"hidden\" name=\"_wpcf7\" value=\"3634\" \/><input type=\"hidden\" name=\"_wpcf7_version\" value=\"6.1.5\" \/><input type=\"hidden\" name=\"_wpcf7_locale\" value=\"es_ES\" \/><input type=\"hidden\" name=\"_wpcf7_unit_tag\" value=\"wpcf7-f3634-o1\" \/><input type=\"hidden\" name=\"_wpcf7_container_post\" value=\"0\" \/><input type=\"hidden\" name=\"_wpcf7_posted_data_hash\" value=\"\" \/><input type=\"hidden\" name=\"_wpcf7_recaptcha_response\" value=\"\" \/>\n<\/fieldset>\n<span class=\"wpcf7-form-control-wrap\" data-name=\"nombre-apellido\"><input size=\"40\" maxlength=\"400\" class=\"wpcf7-form-control wpcf7-text wpcf7-validates-as-required\" aria-required=\"true\" aria-invalid=\"false\" placeholder=\"Nombre y Apellido (requerido)\" value=\"\" type=\"text\" name=\"nombre-apellido\" \/><\/span>\n\n<span class=\"wpcf7-form-control-wrap\" data-name=\"email\"><input size=\"40\" maxlength=\"400\" class=\"wpcf7-form-control wpcf7-email wpcf7-validates-as-required wpcf7-text wpcf7-validates-as-email\" aria-required=\"true\" aria-invalid=\"false\" placeholder=\"Correo electr\u00f3nico (requerido)\" value=\"\" type=\"email\" name=\"email\" \/><\/span>\n\n<label>\u00c1rea de inter\u00e9s: <\/label>\n    <span class=\"wpcf7-form-control-wrap\" data-name=\"area-interes\"><span class=\"wpcf7-form-control wpcf7-checkbox wpcf7-exclusive-checkbox\"><span class=\"wpcf7-list-item first\"><label><input type=\"checkbox\" name=\"area-interes\" value=\"t\u00e9cnico de laboratorio\" \/><span class=\"wpcf7-list-item-label\">t\u00e9cnico de laboratorio<\/span><\/label><\/span><span class=\"wpcf7-list-item last\"><label><input type=\"checkbox\" name=\"area-interes\" value=\"investigador geocient\u00edfico\" \/><span class=\"wpcf7-list-item-label\">investigador geocient\u00edfico<\/span><\/label><\/span><\/span><\/span>\n\n<label>Adjuntar CV (doc, docx o pdf; m\u00e1ximo 2MB)\n    <span class=\"wpcf7-form-control-wrap\" data-name=\"cv\"><input size=\"40\" class=\"wpcf7-form-control wpcf7-file\" accept=\".doc,.docx,.pdf\" aria-invalid=\"false\" type=\"file\" name=\"cv\" \/><\/span> <\/label>\n\n<label>Tu mensaje:\n    <span class=\"wpcf7-form-control-wrap\" data-name=\"mensaje\"><textarea cols=\"40\" rows=\"10\" maxlength=\"2000\" class=\"wpcf7-form-control wpcf7-textarea\" aria-invalid=\"false\" name=\"mensaje\"><\/textarea><\/span> <\/label>\n\n<input class=\"wpcf7-form-control wpcf7-submit has-spinner\" type=\"submit\" value=\"Enviar\" \/><div class=\"wpcf7-response-output\" aria-hidden=\"true\"><\/div>\n<\/form>\n<\/div>\n<\/div>[vc_raw_html]PHNjcmlwdCB0eXBlPSJ0ZXh0L2phdmFzY3JpcHQiIHNyYz0iaHR0cHM6Ly9jbGllbnRpZnkubmV0L3dlYi1tYXJrZXRpbmcvY2hhdGJvdHMvc2NyaXB0LzQ3MjEzLmpzIj48L3NjcmlwdD4=[\/vc_raw_html]<\/div><\/div><\/div><\/div><\/div><\/section>\n","protected":false},"excerpt":{"rendered":"Work at LA.TE. ANDES LA.TE. ANDES, an eminence in geothermochronology studies with advanced technologies for Argentina and Latin America, invites you to join their team. If you are interested in working with us, please fill in the form. \u00c1rea de inter\u00e9s: t\u00e9cnico de laboratorioinvestigador geocient\u00edfico Adjuntar CV (doc, docx o pdf; m\u00e1ximo 2MB) Tu mensaje:...","protected":false},"author":18,"featured_media":0,"parent":0,"menu_order":0,"comment_status":"closed","ping_status":"closed","template":"","meta":{"footnotes":""},"class_list":["post-3636","page","type-page","status-publish","hentry"],"yoast_head":"<!-- This site is optimized with the Yoast SEO plugin v27.3 - https:\/\/yoast.com\/product\/yoast-seo-wordpress\/ -->\n<title>Work at LA.TE. ANDES - LA.TE. ANDES S.A.<\/title>\n<meta name=\"description\" content=\"LA.TE. ANDES, an eminence in geothermochronology studies with advanced technologies for Argentina and Latin America, invites you to join their team.\" \/>\n<meta name=\"robots\" content=\"index, follow, max-snippet:-1, max-image-preview:large, max-video-preview:-1\" \/>\n<link rel=\"canonical\" href=\"https:\/\/www.lateandes.com\/en\/work-at-la-te-andes\/\" \/>\n<meta property=\"og:locale\" content=\"en_US\" \/>\n<meta property=\"og:type\" content=\"article\" \/>\n<meta property=\"og:title\" content=\"Work at LA.TE. ANDES - LA.TE. ANDES S.A.\" \/>\n<meta property=\"og:description\" content=\"LA.TE. ANDES, an eminence in geothermochronology studies with advanced technologies for Argentina and Latin America, invites you to join their team.\" \/>\n<meta property=\"og:url\" content=\"https:\/\/www.lateandes.com\/en\/work-at-la-te-andes\/\" \/>\n<meta property=\"og:site_name\" content=\"LA.TE. ANDES S.A.\" \/>\n<meta property=\"article:modified_time\" content=\"2022-06-28T23:19:43+00:00\" \/>\n<meta property=\"og:image\" content=\"https:\/\/www.lateandes.com\/late\/wp-content\/uploads\/2024\/05\/logo-lateandes-redes-iso-OK.png\" \/>\n\t<meta property=\"og:image:width\" content=\"512\" \/>\n\t<meta property=\"og:image:height\" content=\"512\" \/>\n\t<meta property=\"og:image:type\" content=\"image\/png\" \/>\n<meta name=\"twitter:card\" content=\"summary_large_image\" \/>\n<meta name=\"twitter:label1\" content=\"Est. reading time\" \/>\n\t<meta name=\"twitter:data1\" content=\"1 minute\" \/>\n<!-- \/ Yoast SEO plugin. -->","yoast_head_json":{"title":"Work at LA.TE. ANDES - LA.TE. ANDES S.A.","description":"LA.TE. ANDES, an eminence in geothermochronology studies with advanced technologies for Argentina and Latin America, invites you to join their team.","robots":{"index":"index","follow":"follow","max-snippet":"max-snippet:-1","max-image-preview":"max-image-preview:large","max-video-preview":"max-video-preview:-1"},"canonical":"https:\/\/www.lateandes.com\/en\/work-at-la-te-andes\/","og_locale":"en_US","og_type":"article","og_title":"Work at LA.TE. ANDES - LA.TE. ANDES S.A.","og_description":"LA.TE. ANDES, an eminence in geothermochronology studies with advanced technologies for Argentina and Latin America, invites you to join their team.","og_url":"https:\/\/www.lateandes.com\/en\/work-at-la-te-andes\/","og_site_name":"LA.TE. ANDES S.A.","article_modified_time":"2022-06-28T23:19:43+00:00","og_image":[{"width":512,"height":512,"url":"https:\/\/www.lateandes.com\/late\/wp-content\/uploads\/2024\/05\/logo-lateandes-redes-iso-OK.png","type":"image\/png"}],"twitter_card":"summary_large_image","twitter_misc":{"Est. reading time":"1 minute"},"schema":{"@context":"https:\/\/schema.org","@graph":[{"@type":"WebPage","@id":"https:\/\/www.lateandes.com\/en\/work-at-la-te-andes\/","url":"https:\/\/www.lateandes.com\/en\/work-at-la-te-andes\/","name":"Work at LA.TE. ANDES - LA.TE. ANDES S.A.","isPartOf":{"@id":"https:\/\/www.lateandes.com\/en\/#website"},"datePublished":"2019-01-15T23:08:06+00:00","dateModified":"2022-06-28T23:19:43+00:00","description":"LA.TE. ANDES, an eminence in geothermochronology studies with advanced technologies for Argentina and Latin America, invites you to join their team.","breadcrumb":{"@id":"https:\/\/www.lateandes.com\/en\/work-at-la-te-andes\/#breadcrumb"},"inLanguage":"en-US","potentialAction":[{"@type":"ReadAction","target":["https:\/\/www.lateandes.com\/en\/work-at-la-te-andes\/"]}]},{"@type":"BreadcrumbList","@id":"https:\/\/www.lateandes.com\/en\/work-at-la-te-andes\/#breadcrumb","itemListElement":[{"@type":"ListItem","position":1,"name":"Portada","item":"https:\/\/www.lateandes.com\/en\/"},{"@type":"ListItem","position":2,"name":"Work at LA.TE. ANDES"}]},{"@type":"WebSite","@id":"https:\/\/www.lateandes.com\/en\/#website","url":"https:\/\/www.lateandes.com\/en\/","name":"LA.TE. ANDES S.A.","description":"Geo-thermochronology Lab","publisher":{"@id":"https:\/\/www.lateandes.com\/en\/#organization"},"potentialAction":[{"@type":"SearchAction","target":{"@type":"EntryPoint","urlTemplate":"https:\/\/www.lateandes.com\/en\/?s={search_term_string}"},"query-input":{"@type":"PropertyValueSpecification","valueRequired":true,"valueName":"search_term_string"}}],"inLanguage":"en-US"},{"@type":"Organization","@id":"https:\/\/www.lateandes.com\/en\/#organization","name":"LA.TE. ANDES S.A.","url":"https:\/\/www.lateandes.com\/en\/","logo":{"@type":"ImageObject","inLanguage":"en-US","@id":"https:\/\/www.lateandes.com\/en\/#\/schema\/logo\/image\/","url":"https:\/\/www.lateandes.com\/late\/wp-content\/uploads\/2024\/05\/logo-lateandes-redes-iso-ALT.jpg","contentUrl":"https:\/\/www.lateandes.com\/late\/wp-content\/uploads\/2024\/05\/logo-lateandes-redes-iso-ALT.jpg","width":512,"height":512,"caption":"LA.TE. ANDES S.A."},"image":{"@id":"https:\/\/www.lateandes.com\/en\/#\/schema\/logo\/image\/"}}]}},"_links":{"self":[{"href":"https:\/\/www.lateandes.com\/en\/wp-json\/wp\/v2\/pages\/3636","targetHints":{"allow":["GET"]}}],"collection":[{"href":"https:\/\/www.lateandes.com\/en\/wp-json\/wp\/v2\/pages"}],"about":[{"href":"https:\/\/www.lateandes.com\/en\/wp-json\/wp\/v2\/types\/page"}],"author":[{"embeddable":true,"href":"https:\/\/www.lateandes.com\/en\/wp-json\/wp\/v2\/users\/18"}],"replies":[{"embeddable":true,"href":"https:\/\/www.lateandes.com\/en\/wp-json\/wp\/v2\/comments?post=3636"}],"version-history":[{"count":3,"href":"https:\/\/www.lateandes.com\/en\/wp-json\/wp\/v2\/pages\/3636\/revisions"}],"predecessor-version":[{"id":4990,"href":"https:\/\/www.lateandes.com\/en\/wp-json\/wp\/v2\/pages\/3636\/revisions\/4990"}],"wp:attachment":[{"href":"https:\/\/www.lateandes.com\/en\/wp-json\/wp\/v2\/media?parent=3636"}],"curies":[{"name":"wp","href":"https:\/\/api.w.org\/{rel}","templated":true}]}}