{"id":3104,"date":"2018-06-03T12:20:19","date_gmt":"2018-06-03T15:20:19","guid":{"rendered":"http:\/\/www.lateandes.com\/late\/downloads\/"},"modified":"2025-11-27T11:15:38","modified_gmt":"2025-11-27T14:15:38","slug":"downloads-x","status":"publish","type":"page","link":"https:\/\/www.lateandes.com\/en\/downloads-x\/","title":{"rendered":"Downloads X"},"content":{"rendered":"<section class=\"l-section wpb_row height_small\"><div class=\"l-section-h i-cf\"><div class=\"g-cols vc_row via_flex valign_top type_default stacking_default\"><div class=\"vc_col-sm-12 wpb_column vc_column_container\"><div class=\"vc_column-inner\"><div class=\"wpb_wrapper\"><\/div><\/div><\/div><\/div><\/div><\/section><section class=\"l-section wpb_row height_small\"><div class=\"l-section-h i-cf\"><div class=\"g-cols vc_row via_flex valign_top type_default stacking_default\"><div class=\"vc_col-sm-4 wpb_column vc_column_container\"><div class=\"vc_column-inner\"><div class=\"wpb_wrapper\"><div class=\"w-image style_shadow-2 align_none\"><div class=\"w-image-h\"><div class=\"w-image-shadow\" style=\"background-image:url(https:\/\/www.lateandes.com\/late\/wp-content\/uploads\/2018\/05\/fosiles-y-facies-de-bolivia-ebook-600x464.jpg);\"><\/div><img loading=\"lazy\" decoding=\"async\" width=\"600\" height=\"464\" src=\"https:\/\/www.lateandes.com\/late\/wp-content\/uploads\/2018\/05\/fosiles-y-facies-de-bolivia-ebook-600x464.jpg\" class=\"attachment-us_600_0 size-us_600_0\" alt=\"\" loading=\"lazy\" srcset=\"https:\/\/www.lateandes.com\/late\/wp-content\/uploads\/2018\/05\/fosiles-y-facies-de-bolivia-ebook-600x464.jpg 600w, https:\/\/www.lateandes.com\/late\/wp-content\/uploads\/2018\/05\/fosiles-y-facies-de-bolivia-ebook-300x232.jpg 300w, https:\/\/www.lateandes.com\/late\/wp-content\/uploads\/2018\/05\/fosiles-y-facies-de-bolivia-ebook-768x593.jpg 768w, https:\/\/www.lateandes.com\/late\/wp-content\/uploads\/2018\/05\/fosiles-y-facies-de-bolivia-ebook.jpg 800w\" sizes=\"auto, (max-width: 600px) 100vw, 600px\" \/><\/div><\/div><\/div><\/div><\/div><div class=\"vc_col-sm-8 wpb_column vc_column_container\"><div class=\"vc_column-inner\"><div class=\"wpb_wrapper\"><div id=\"ultimate-heading-903169df139c5cabf\" class=\"uvc-heading ult-adjust-bottom-margin ultimate-heading-903169df139c5cabf uvc-9673 \" data-hspacer=\"line_only\"  data-halign=\"left\" style=\"text-align:left\"><div class=\"uvc-main-heading ult-responsive\"  data-ultimate-target='.uvc-heading.ultimate-heading-903169df139c5cabf h2'  data-responsive-json-new='{\"font-size\":\"\",\"line-height\":\"\"}' ><h2 style=\"font-weight:normal;\">F\u00f3siles y Facies de Bolivia<\/h2><\/div><div class=\"uvc-heading-spacer line_only\" style=\"margin-top:5px;margin-bottom:5px;height:4px;\"><span class=\"uvc-headings-line\" style=\"border-style:solid;border-bottom-width:4px;border-color:#008a83;width:80px;\"><\/span><\/div><div class=\"uvc-sub-heading ult-responsive\"  data-ultimate-target='.uvc-heading.ultimate-heading-903169df139c5cabf .uvc-sub-heading '  data-responsive-json-new='{\"font-size\":\"desktop:22px;\",\"line-height\":\"desktop:28px;\"}'  style=\"font-weight:normal;margin-bottom:20px;\">eBook<\/div><\/div><div class=\"wpb_text_column\"><div class=\"wpb_wrapper\"><p>In the framework of the project of absolute datings of key stratigraphic columns for their fossiliferous contents of the Paleozoic basins of the Central Andes, LA.TE. ANDES S.A. supports the divulgation of the eBook <strong>&#8220;FOSILES Y FACIES DE BOLIVIA&#8221;<\/strong> that our colleagues <strong>Dr. Mario Suarez Riglos<\/strong>, <strong>Dr. Alejandra Dalenz Farjat<\/strong> and <strong>Dr. Miguel Angel Perez Leyton<\/strong>, published in February 2018 in Santa Cruz de la Sierra, Bolivia. This book has free distribution, does not respond to any sponsorship and has been made thanks to the collaboration of its authors and editors.<\/p>\n<blockquote>\n<p>This scientific document has been made by the unselfish work of the authors of its eight constitutive chapters and arranged by the editors. It does not count on sponsorship of any kind. This document should be distributed free of charge to all those interested in Bolivian paleontology, and we hope it will be considered as a contribution to regional knowledge.<\/p>\n<\/blockquote>\n<\/div><\/div><div class=\"w-btn-wrapper align_none\"><a class=\"w-btn us-btn-style_1\" target=\"_blank\" href=\"https:\/\/www.geomap.com.ar\/descargas\"><span class=\"w-btn-label\">Download<\/span><\/a><\/div><\/div><\/div><\/div><\/div><\/div><\/section><section class=\"l-section wpb_row height_small\"><div class=\"l-section-h i-cf\"><div class=\"g-cols vc_row via_flex valign_top type_default stacking_default\"><div class=\"vc_col-sm-4 wpb_column vc_column_container\"><div class=\"vc_column-inner\"><div class=\"wpb_wrapper\"><div class=\"w-image style_shadow-2 align_none\"><div class=\"w-image-h\"><div class=\"w-image-shadow\" style=\"background-image:url(https:\/\/www.lateandes.com\/late\/wp-content\/uploads\/2025\/11\/Fosiles-y-facies-de-Bolivia-3-600x464.webp);\"><\/div><img loading=\"lazy\" decoding=\"async\" width=\"600\" height=\"464\" src=\"https:\/\/www.lateandes.com\/late\/wp-content\/uploads\/2025\/11\/Fosiles-y-facies-de-Bolivia-3-600x464.webp\" class=\"attachment-us_600_0 size-us_600_0\" alt=\"\" loading=\"lazy\" srcset=\"https:\/\/www.lateandes.com\/late\/wp-content\/uploads\/2025\/11\/Fosiles-y-facies-de-Bolivia-3-600x464.webp 600w, https:\/\/www.lateandes.com\/late\/wp-content\/uploads\/2025\/11\/Fosiles-y-facies-de-Bolivia-3-300x232.webp 300w, https:\/\/www.lateandes.com\/late\/wp-content\/uploads\/2025\/11\/Fosiles-y-facies-de-Bolivia-3-768x593.webp 768w, https:\/\/www.lateandes.com\/late\/wp-content\/uploads\/2025\/11\/Fosiles-y-facies-de-Bolivia-3.webp 800w\" sizes=\"auto, (max-width: 600px) 100vw, 600px\" \/><\/div><\/div><\/div><\/div><\/div><div class=\"vc_col-sm-8 wpb_column vc_column_container\"><div class=\"vc_column-inner\"><div class=\"wpb_wrapper\"><div id=\"ultimate-heading-248769df139c5d9c2\" class=\"uvc-heading ult-adjust-bottom-margin ultimate-heading-248769df139c5d9c2 uvc-2216 \" data-hspacer=\"line_only\"  data-halign=\"left\" style=\"text-align:left\"><div class=\"uvc-main-heading ult-responsive\"  data-ultimate-target='.uvc-heading.ultimate-heading-248769df139c5d9c2 h2'  data-responsive-json-new='{\"font-size\":\"\",\"line-height\":\"\"}' ><h2 style=\"font-weight:normal;\">F\u00f3siles y Facies de Bolivia 3.0<\/h2><\/div><div class=\"uvc-heading-spacer line_only\" style=\"margin-top:5px;margin-bottom:5px;height:4px;\"><span class=\"uvc-headings-line\" style=\"border-style:solid;border-bottom-width:4px;border-color:#008a83;width:80px;\"><\/span><\/div><div class=\"uvc-sub-heading ult-responsive\"  data-ultimate-target='.uvc-heading.ultimate-heading-248769df139c5d9c2 .uvc-sub-heading '  data-responsive-json-new='{\"font-size\":\"desktop:22px;\",\"line-height\":\"desktop:28px;\"}'  style=\"font-weight:normal;margin-bottom:20px;\">eBook<\/div><\/div><div class=\"wpb_text_column\"><div class=\"wpb_wrapper\"><p>EDITORES:<br \/>Alejandra Dalenz Farjat, Mario Su\u00e1rez Riglos, Giovanni Rios Cordero, Andr\u00e9s Mu\u00f1oz Navia.<\/p>\n<p>SUCRE, NOVIEMBRE, 2025<\/p>\n<\/div><\/div><div class=\"w-btn-wrapper align_none\"><a class=\"w-btn us-btn-style_1\" target=\"_blank\" href=\"https:\/\/www.geomap.com.ar\/descargas\"><span class=\"w-btn-label\">Download<\/span><\/a><\/div><\/div><\/div><\/div><\/div><\/div><\/section><section class=\"l-section wpb_row height_medium\"><div class=\"l-section-h i-cf\"><div class=\"g-cols vc_row via_flex valign_top type_default stacking_default\"><div class=\"vc_col-sm-12 wpb_column vc_column_container\"><div class=\"vc_column-inner\"><div class=\"wpb_wrapper\"><\/div><\/div><\/div><\/div><\/div><\/section>\n","protected":false},"excerpt":{"rendered":"F\u00f3siles y Facies de BoliviaeBookIn the framework of the project of absolute datings of key stratigraphic columns for their fossiliferous contents of the Paleozoic basins of the Central Andes, LA.TE. ANDES S.A. supports the divulgation of the eBook &#8220;FOSILES Y FACIES DE BOLIVIA&#8221; that our colleagues Dr. Mario Suarez Riglos, Dr. Alejandra Dalenz Farjat and...","protected":false},"author":18,"featured_media":0,"parent":0,"menu_order":0,"comment_status":"closed","ping_status":"closed","template":"","meta":{"footnotes":""},"class_list":["post-3104","page","type-page","status-publish","hentry"],"yoast_head":"<!-- This site is optimized with the Yoast SEO plugin v27.4 - https:\/\/yoast.com\/product\/yoast-seo-wordpress\/ -->\n<title>Downloads X - LA.TE. ANDES S.A.<\/title>\n<meta name=\"robots\" content=\"index, follow, max-snippet:-1, max-image-preview:large, max-video-preview:-1\" \/>\n<link rel=\"canonical\" href=\"https:\/\/www.lateandes.com\/en\/downloads-x\/\" \/>\n<meta property=\"og:locale\" content=\"en_US\" \/>\n<meta property=\"og:type\" content=\"article\" \/>\n<meta property=\"og:title\" content=\"Downloads X - LA.TE. ANDES S.A.\" \/>\n<meta property=\"og:url\" content=\"https:\/\/www.lateandes.com\/en\/downloads-x\/\" \/>\n<meta property=\"og:site_name\" content=\"LA.TE. ANDES S.A.\" \/>\n<meta property=\"article:modified_time\" content=\"2025-11-27T14:15:38+00:00\" \/>\n<meta property=\"og:image\" content=\"https:\/\/www.lateandes.com\/late\/wp-content\/uploads\/2024\/05\/logo-lateandes-redes-iso-OK.png\" \/>\n\t<meta property=\"og:image:width\" content=\"512\" \/>\n\t<meta property=\"og:image:height\" content=\"512\" \/>\n\t<meta property=\"og:image:type\" content=\"image\/png\" \/>\n<meta name=\"twitter:card\" content=\"summary_large_image\" \/>\n<meta name=\"twitter:label1\" content=\"Est. reading time\" \/>\n\t<meta name=\"twitter:data1\" content=\"6 minutes\" \/>\n<!-- \/ Yoast SEO plugin. -->","yoast_head_json":{"title":"Downloads X - LA.TE. ANDES S.A.","robots":{"index":"index","follow":"follow","max-snippet":"max-snippet:-1","max-image-preview":"max-image-preview:large","max-video-preview":"max-video-preview:-1"},"canonical":"https:\/\/www.lateandes.com\/en\/downloads-x\/","og_locale":"en_US","og_type":"article","og_title":"Downloads X - LA.TE. ANDES S.A.","og_url":"https:\/\/www.lateandes.com\/en\/downloads-x\/","og_site_name":"LA.TE. ANDES S.A.","article_modified_time":"2025-11-27T14:15:38+00:00","og_image":[{"width":512,"height":512,"url":"https:\/\/www.lateandes.com\/late\/wp-content\/uploads\/2024\/05\/logo-lateandes-redes-iso-OK.png","type":"image\/png"}],"twitter_card":"summary_large_image","twitter_misc":{"Est. reading time":"6 minutes"},"schema":{"@context":"https:\/\/schema.org","@graph":[{"@type":"WebPage","@id":"https:\/\/www.lateandes.com\/en\/downloads-x\/","url":"https:\/\/www.lateandes.com\/en\/downloads-x\/","name":"Downloads X - LA.TE. ANDES S.A.","isPartOf":{"@id":"https:\/\/www.lateandes.com\/en\/#website"},"datePublished":"2018-06-03T15:20:19+00:00","dateModified":"2025-11-27T14:15:38+00:00","breadcrumb":{"@id":"https:\/\/www.lateandes.com\/en\/downloads-x\/#breadcrumb"},"inLanguage":"en-US","potentialAction":[{"@type":"ReadAction","target":["https:\/\/www.lateandes.com\/en\/downloads-x\/"]}]},{"@type":"BreadcrumbList","@id":"https:\/\/www.lateandes.com\/en\/downloads-x\/#breadcrumb","itemListElement":[{"@type":"ListItem","position":1,"name":"Portada","item":"https:\/\/www.lateandes.com\/en\/"},{"@type":"ListItem","position":2,"name":"Downloads X"}]},{"@type":"WebSite","@id":"https:\/\/www.lateandes.com\/en\/#website","url":"https:\/\/www.lateandes.com\/en\/","name":"LA.TE. ANDES S.A.","description":"Geo-thermochronology Lab","publisher":{"@id":"https:\/\/www.lateandes.com\/en\/#organization"},"potentialAction":[{"@type":"SearchAction","target":{"@type":"EntryPoint","urlTemplate":"https:\/\/www.lateandes.com\/en\/?s={search_term_string}"},"query-input":{"@type":"PropertyValueSpecification","valueRequired":true,"valueName":"search_term_string"}}],"inLanguage":"en-US"},{"@type":"Organization","@id":"https:\/\/www.lateandes.com\/en\/#organization","name":"LA.TE. ANDES S.A.","url":"https:\/\/www.lateandes.com\/en\/","logo":{"@type":"ImageObject","inLanguage":"en-US","@id":"https:\/\/www.lateandes.com\/en\/#\/schema\/logo\/image\/","url":"https:\/\/www.lateandes.com\/late\/wp-content\/uploads\/2024\/05\/logo-lateandes-redes-iso-ALT.jpg","contentUrl":"https:\/\/www.lateandes.com\/late\/wp-content\/uploads\/2024\/05\/logo-lateandes-redes-iso-ALT.jpg","width":512,"height":512,"caption":"LA.TE. ANDES S.A."},"image":{"@id":"https:\/\/www.lateandes.com\/en\/#\/schema\/logo\/image\/"}}]}},"_links":{"self":[{"href":"https:\/\/www.lateandes.com\/en\/wp-json\/wp\/v2\/pages\/3104","targetHints":{"allow":["GET"]}}],"collection":[{"href":"https:\/\/www.lateandes.com\/en\/wp-json\/wp\/v2\/pages"}],"about":[{"href":"https:\/\/www.lateandes.com\/en\/wp-json\/wp\/v2\/types\/page"}],"author":[{"embeddable":true,"href":"https:\/\/www.lateandes.com\/en\/wp-json\/wp\/v2\/users\/18"}],"replies":[{"embeddable":true,"href":"https:\/\/www.lateandes.com\/en\/wp-json\/wp\/v2\/comments?post=3104"}],"version-history":[{"count":8,"href":"https:\/\/www.lateandes.com\/en\/wp-json\/wp\/v2\/pages\/3104\/revisions"}],"predecessor-version":[{"id":5863,"href":"https:\/\/www.lateandes.com\/en\/wp-json\/wp\/v2\/pages\/3104\/revisions\/5863"}],"wp:attachment":[{"href":"https:\/\/www.lateandes.com\/en\/wp-json\/wp\/v2\/media?parent=3104"}],"curies":[{"name":"wp","href":"https:\/\/api.w.org\/{rel}","templated":true}]}}